{"id":573,"date":"2025-01-29T07:13:06","date_gmt":"2025-01-29T07:13:06","guid":{"rendered":"https:\/\/tickets.cbs-consulting.com\/?page_id=573"},"modified":"2025-01-29T07:13:58","modified_gmt":"2025-01-29T07:13:58","slug":"datenschutz","status":"publish","type":"page","link":"https:\/\/tickets.cbs-consulting.com\/en\/datenschutz\/","title":{"rendered":"Data Privacy"},"content":{"rendered":"<div data-elementor-type=\"wp-page\" data-elementor-id=\"573\" class=\"elementor elementor-573\" data-elementor-post-type=\"page\">\n\t\t\t\t<div class=\"elementor-element elementor-element-b5abaa3 e-con-full e-flex e-con e-parent\" data-id=\"b5abaa3\" data-element_type=\"container\" data-e-type=\"container\">\n\t\t\t\t<\/div>\n\t\t<div class=\"elementor-element elementor-element-8b81255 e-flex e-con-boxed e-con e-parent\" data-id=\"8b81255\" data-element_type=\"container\" data-e-type=\"container\">\n\t\t\t\t\t<div class=\"e-con-inner\">\n\t\t<div class=\"elementor-element elementor-element-4081277 e-con-full e-flex e-con e-child\" data-id=\"4081277\" data-element_type=\"container\" data-e-type=\"container\">\n\t\t\t\t<div class=\"elementor-element elementor-element-7758ef7 elementor-widget elementor-widget-spacer\" data-id=\"7758ef7\" data-element_type=\"widget\" data-e-type=\"widget\" data-widget_type=\"spacer.default\">\n\t\t\t\t<div class=\"elementor-widget-container\">\n\t\t\t\t\t\t\t<div class=\"elementor-spacer\">\n\t\t\t<div class=\"elementor-spacer-inner\"><\/div>\n\t\t<\/div>\n\t\t\t\t\t\t<\/div>\n\t\t\t\t<\/div>\n\t\t\t\t<div class=\"elementor-element elementor-element-392c15f elementor-widget elementor-widget-text-editor\" data-id=\"392c15f\" data-element_type=\"widget\" data-e-type=\"widget\" data-widget_type=\"text-editor.default\">\n\t\t\t\t<div class=\"elementor-widget-container\">\n\t\t\t\t\t\t\t\t\t<h1>Privacy policy<\/h1><p>Our company attaches great importance to the protection of personal data. In the following, we inform you about the collection of personal data when using our website and our web shop. If you have any further questions about the handling of your personal data, please contact our data protection officer.<\/p><h2>Responsible body<\/h2><p class=\"translation-block\">cbs Corporate Business Solutions Unternehmensberatung GmbH<br>Rudolf-Diesel-Stra\u00dfe 9<br>69115 Heidelberg - Germany<\/p><p class=\"translation-block\">Phone: +49 6221 3304-0<br>E-mail: kontakt@cbs-consulting.de<\/p><h2>Contact data protection officer:<\/h2><p>You can reach our data protection officer at<\/p><p class=\"translation-block\">Personal\/confidential To the data protection officer<br>cbs Corporate Business Solutions Unternehmensberatung GmbH<br>Rudolf-Diesel-Stra\u00dfe 9<br>69115 Heidelberg - Germany<br>E-mail: datenschutz@cbs-consulting.de<\/p><h2>Purposes and legal bases of data processing<\/h2><p>The processing of personal data can be based on various legal bases. If we need your data to fulfil a contract with you or to respond to your enquiries regarding a contract, the legal basis for this data processing is Art. 6 para. 1 sentence 1 lit. b GDPR. If we obtain your consent for certain data processing, the legal basis is Art. 6 para. 1 sentence 1 lit. a GDPR. We carry out some data processing on the basis of our legitimate interest, whereby a balance is always struck between your interests worthy of protection and our legitimate interests. The legal basis for this is Art. 6 para. lit. f GDPR. Insofar as the processing is necessary to fulfil a legal obligation to which we are subject, the legal basis is Art. 6 para. 1 lit. c GDPR.<\/p><p>Information on the relevant legal bases and purposes in each individual case is provided in the following paragraphs:<\/p><h3>\u00a0<\/h3><h2>Data processing when accessing the website<\/h2><p>If you use the website for information purposes only, i.e. if you do not register or otherwise provide us with information (e.g. via a contact form), we collect the following technical information (log file data):<\/p><ul><li>Operating system of the device you use to visit our website<\/li><li>Browser (type, version &amp; language settings)<\/li><li>the amount of data retrieved<\/li><li>the current IP address of the device you are using to visit our website<\/li><li>Date and time of access<\/li><li>the URL of the previously visited website (referrer)<\/li><li>the URL of the (sub)page that you call up on the website<\/li><li>the Internet service provider of the accessing system<\/li><\/ul><p>The collection of this data is technically necessary in order to display our website to you and to ensure stability and security. We (and our service provider) regularly do not know who is behind an IP address. We do not merge the data listed above with other data.<\/p><p>The legal basis is Art. 6 para. 1 sentence 1 lit. f GDPR. Since the collection of data for the provision of the website and storage in log files is absolutely necessary for the operation of the website and to protect against misuse, our legitimate interest in data processing prevails at this point<\/p><h2><strong>Cookies and third-party services<\/strong><\/h2><p>Cookies are data that are stored on your computer by a website that you visit and enable your browser to be reassigned. Cookies are used to transmit information to the organisation that sets the cookie. Cookies can store various information, such as your language setting, the duration of your visit to our website or the entries you have made there. This prevents you from having to re-enter required form data each time you use the website, for example. The information stored in cookies can also be used to recognise preferences and target content according to areas of interest.<\/p><p>The legal basis for possible processing of personal data using cookies and their storage duration may vary. If you have given us your consent, the legal basis is Art. 6 para. 1 lit. a) GDPR in conjunction with \u00a7 25 para. 2 TTDSG. Insofar as the data processing is based on our overriding legitimate interests, the legal basis is Art. 6 para. 1 lit. f) GDPR. The stated purpose then corresponds to our legitimate interest.<\/p><p>We use cookies to ensure the proper operation of the website, to provide basic functionalities and, with your consent, to measure reach and to tailor our services to your preferred areas of interest.<\/p><p>You can find more information about the cookies used here (LINK: Cookie-Tool)<\/p><p>You can find out which services are used on this website in this privacy policy.<\/p><h3>Usercentrics<\/h3><p class=\"translation-block\">Usercentrics is a consent management platform that enables websites to protect user privacy and comply with the GDPR when it comes to cookies and tracking. \"Usercentrics\" is an offer from the provider Usercentrics GmbH, Rosental 4, 80331 Munich, Germany, hereinafter referred to as \"Usercentrics\". <br>Through the \"Usercentrics\" function, we inform our website visitors about the use of cookies on our website and enable them to make a decision <br>about their use.<\/p><p>The following personal data is processed automatically:<\/p><ul><li>Opt-in- und Opt-out-Daten<\/li><li>Referrer URL<\/li><li>User Agent<\/li><li>Benutzereinstellungen<\/li><li>Consent ID<\/li><li>Time of consent<\/li><li>Einwilligungstyp<\/li><li>Template-Version<\/li><li>Banner language<\/li><li>IP address<\/li><li>Geographical location<\/li><\/ul><div>\u00a0<\/div><p>Usercentrics stores a cookie in your browser in order to be able to assign the consents you have given or revoke them. The data collected in this way is stored until you ask us to delete it, delete the Usercentrics cookie yourself or the purpose for storing the data no longer applies. Mandatory statutory retention obligations remain unaffected. This cookie is automatically deleted after 12 months.\u00a0<\/p><p>The legal basis for the storage of the data is Art. 6 para. 1 lit. c in conjunction with Art. 7 para. 1 GDPR, as Usercentrics is used to fulfil requirements under the TTDSG.<\/p><p>The user can prevent or terminate the installation of cookies and their storage, and thus their cookie consent, at any time by changing their browser settings.<\/p><p class=\"translation-block\">Further information on Usercentrics can be found at:<br><a href=\"https:\/\/usercentrics.com\/de\/datenschutzerklaerung\/\" target=\"_self\">https:\/\/usercentrics.com\/de\/datenschutzerklaerung\/<\/a><\/p><h2>Registration and customer account<\/h2><p>You have the option of registering on our websites and creating a customer account. Personal data that must be provided is marked as a mandatory field in the respective registration form; any additional information is voluntary.<\/p><p>We use the so-called double opt-in procedure for registration, i.e. your registration is not complete until you have confirmed your registration by clicking on the link contained in a confirmation e-mail sent to you for this purpose. If you do not confirm your registration, it will be automatically deleted from our database. Once you have registered, you will receive personal, password-protected access and will be able to view and manage the data you have stored. Registration is voluntary, but may be a prerequisite for using certain of our services.<\/p><p>Wir speichern Ihre zur Vertragserf\u00fcllung erforderlichen Daten, ggf. auch Angaben zur Zahlungsweise, bis Sie Ihren Zugang endg\u00fcltig l\u00f6schen. Weiterhin speichern wir die von Ihnen zus\u00e4tzlich angegebenen Daten f\u00fcr die Zeit Ihrer Nutzung des Kunden\/Nutzerkontos, soweit Sie diese nicht zuvor l\u00f6schen. Alle Angaben k\u00f6nnen Sie im gesch\u00fctzten Kundenbereich verwalten und \u00e4ndern.<\/p><p>You can delete your customer account at any time. If the account is deleted, all personal data that is not subject to a statutory retention obligation or Article 17 (3) GDPR will be deleted.<\/p><p>The legal basis for this data processing is Art. 6 para. 1 lit. f GDPR for your mandatory information and Art. 6 para. 1 lit. a GDPR for further voluntary information provided by you.<\/p><h2>Processing of your data in the online shop<\/h2><p>When you place an online order on our website, we collect the data required for the conclusion of the contract. The data is stored for the duration of the contract and in accordance with legal obligations. If necessary for processing the order, we will forward your address data to a shipping service provider. The legal basis is the conclusion and performance of a contract in accordance with Art. 6 para. 1 sentence 1 lit. b GDPR.<\/p><p>For payment processing, we use the payment service provider described below, which is always labelled and accepts your entries. This provider is therefore the recipient of your personal data collected in connection with the payment process. The legal basis for the use of payment service providers is also contract processing in accordance with Art. 6 para. 1 sentence 1 lit. b GDPR.<\/p><p>Als Zahlungsdienste nutzen wir derzeit:<\/p><h3><strong>PayPal<\/strong><\/h3><p>When paying via PayPal, your payment data will be forwarded to PayPal (Europe) S.\u00e0 r.l. et Cie, S.C.A., 22-24 Boulevard Royal, L-2449 Luxembourg (hereinafter \"PayPal\"), as part of the payment processing. If you select this payment method, your required payment data (e.g. name, payment amount, account details, credit card number) will be transmitted to PayPal for the purpose of payment processing. The transmission of your data to PayPal is based on Art. 6 para. 1 lit. a GDPR (consent) and Art. 6 para. 1 lit. b GDPR (processing for the fulfilment of a contract).<\/p><p>PayPal reserves the right to carry out a credit check for the payment methods credit card via PayPal, direct debit via PayPal or - if offered - \"purchase on account\" or \"payment by instalments\" via PayPal. For this purpose, your payment data may be passed on to credit agencies in accordance with Art. 6 para. 1 lit. f GDPR on the basis of PayPal's legitimate interest in determining your solvency. PayPal uses the result of the credit check with regard to the statistical probability of non-payment for the purpose of deciding on the provision of the respective payment method. The credit report may contain probability values (so-called score values). If score values are included in the result of the credit report, they are based on a scientifically recognised mathematical-statistical procedure. The calculation of the score values includes, but is not limited to, address data.<\/p><p>For information on data protection law, including the credit agencies used, please refer to PayPal's privacy policy: https:\/\/www.paypal.com\/de\/webapps\/mpp\/ua\/privacy-full<\/p><p>You can object to this processing of your data at any time by sending a message to PayPal. However, PayPal may still be authorised to process your personal data if this is necessary for contractual payment processing.<\/p><h2><strong>Storage period and data transfer to third parties<\/strong><\/h2><p>Unless a more specific storage period has been specified in this privacy policy, your personal data will remain with us for as long as is necessary to fulfil our legal and contractual obligations. If storage of the data is no longer necessary for the fulfilment of contractual or legal obligations, your data will be deleted, provided that we have no other legally permissible reasons for storing your personal data (e.g. retention periods under tax or commercial law); in the latter case, the deletion will take place after these reasons no longer apply.<\/p><p>Your data will not be transferred to third parties unless we are legally obliged to do so. Where external service providers come into contact with your personal data, we have taken legal, technical and organisational measures and carried out regular checks to ensure that they comply with the provisions of the data protection laws. In addition, these service providers may only use your data in accordance with our instructions.<\/p><p>We attach great importance to processing your data within the EU\/EEA. However, we may use service providers who process data outside the EU\/EEA. In these cases, we ensure that an appropriate level of data protection comparable to the standards within the EU is established at the recipient before your personal data is transferred. This can be achieved, for example, by means of EU standard contracts or binding corporate rules or special agreements to which the company may be subject.<\/p><h2><strong>Your rights<\/strong><\/h2><p>We will be happy to provide you with information as to whether personal data concerning you is being processed; if this is the case, you have a right to information about this personal data and to the information listed in detail in Art. 15 GDPR. In addition, you have the right to rectification (Art. 16 GDPR), the right to restriction of processing (Art. 18 GDPR), the right to erasure (Art. 17 GDPR) and the right to data portability (Art. 20 GDPR) under the respective legal requirements.<\/p><h3><strong>What rights do you have in the event of data processing based on your legitimate or public interest?<\/strong><\/h3><p>In accordance with Art. 21 para. 1 GDPR, you have the right to object at any time, on grounds relating to your particular situation, to the processing of personal data concerning you which is based on Art. 6 para. 1 sentence 1 lit. e) GDPR (data processing in the public interest) or on Art. 6 para. 1 sentence 1 lit. f) GDPR (data processing to safeguard a legitimate interest).<\/p><p>You can revoke your consent to the processing of personal data at any time. Please note that the cancellation is only effective for the future.<\/p><p>Without prejudice to these rights and the possibility of asserting any other administrative or judicial remedy, you have the right to lodge a complaint with a supervisory authority at any time if you believe that the processing of your personal data violates data protection regulations (Art. 77 GDPR).<\/p><pre>Status 02.2024<\/pre><p><!-- \/wp:paragraph --><\/p>\t\t\t\t\t\t\t\t<\/div>\n\t\t\t\t<\/div>\n\t\t\t\t<div class=\"elementor-element elementor-element-b60db83 elementor-widget elementor-widget-spacer\" data-id=\"b60db83\" data-element_type=\"widget\" data-e-type=\"widget\" data-widget_type=\"spacer.default\">\n\t\t\t\t<div class=\"elementor-widget-container\">\n\t\t\t\t\t\t\t<div class=\"elementor-spacer\">\n\t\t\t<div class=\"elementor-spacer-inner\"><\/div>\n\t\t<\/div>\n\t\t\t\t\t\t<\/div>\n\t\t\t\t<\/div>\n\t\t\t\t<\/div>\n\t\t\t\t\t<\/div>\n\t\t\t\t<\/div>\n\t\t\t\t<\/div>","protected":false},"excerpt":{"rendered":"<p>Datenschutz Datenschutzerkl\u00e4rung Unser Unternehmen misst dem Schutz personenbezogener Daten einen hohen Stellenwert bei. Im Folgenden informieren wir Sie \u00fcber die Erhebung personenbezogener Daten bei Nutzung unserer Website und unseres Webshops. Sollten dar\u00fcber hinaus noch Fragen zum Umgang mit Ihren personenbezogenen Daten offenbleiben, wenden Sie sich gerne an unseren Datenschutzbeauftragten. Verantwortliche Stelle cbs Corporate Business Solutions [&hellip;]<\/p>\n","protected":false},"author":1,"featured_media":0,"parent":0,"menu_order":0,"comment_status":"closed","ping_status":"closed","template":"elementor_header_footer","meta":{"_acf_changed":false,"footnotes":""},"class_list":["post-573","page","type-page","status-publish","hentry"],"acf":[],"_links":{"self":[{"href":"https:\/\/tickets.cbs-consulting.com\/en\/wp-json\/wp\/v2\/pages\/573","targetHints":{"allow":["GET"]}}],"collection":[{"href":"https:\/\/tickets.cbs-consulting.com\/en\/wp-json\/wp\/v2\/pages"}],"about":[{"href":"https:\/\/tickets.cbs-consulting.com\/en\/wp-json\/wp\/v2\/types\/page"}],"author":[{"embeddable":true,"href":"https:\/\/tickets.cbs-consulting.com\/en\/wp-json\/wp\/v2\/users\/1"}],"replies":[{"embeddable":true,"href":"https:\/\/tickets.cbs-consulting.com\/en\/wp-json\/wp\/v2\/comments?post=573"}],"version-history":[{"count":7,"href":"https:\/\/tickets.cbs-consulting.com\/en\/wp-json\/wp\/v2\/pages\/573\/revisions"}],"predecessor-version":[{"id":580,"href":"https:\/\/tickets.cbs-consulting.com\/en\/wp-json\/wp\/v2\/pages\/573\/revisions\/580"}],"wp:attachment":[{"href":"https:\/\/tickets.cbs-consulting.com\/en\/wp-json\/wp\/v2\/media?parent=573"}],"curies":[{"name":"wp","href":"https:\/\/api.w.org\/{rel}","templated":true}]}}