{"id":584,"date":"2025-01-29T07:14:54","date_gmt":"2025-01-29T07:14:54","guid":{"rendered":"https:\/\/tickets.cbs-consulting.com\/?page_id=584"},"modified":"2025-01-29T13:16:08","modified_gmt":"2025-01-29T13:16:08","slug":"agb","status":"publish","type":"page","link":"https:\/\/tickets.cbs-consulting.com\/en\/agb\/","title":{"rendered":"GTC"},"content":{"rendered":"<div data-elementor-type=\"wp-page\" data-elementor-id=\"584\" class=\"elementor elementor-584\" data-elementor-post-type=\"page\">\n\t\t\t\t<div class=\"elementor-element elementor-element-9962ee4 e-con-full e-flex e-con e-parent\" data-id=\"9962ee4\" data-element_type=\"container\" data-e-type=\"container\">\n\t\t\t\t<\/div>\n\t\t<div class=\"elementor-element elementor-element-61b5098 e-flex e-con-boxed e-con e-parent\" data-id=\"61b5098\" data-element_type=\"container\" data-e-type=\"container\">\n\t\t\t\t\t<div class=\"e-con-inner\">\n\t\t<div class=\"elementor-element elementor-element-8732347 e-con-full e-flex e-con e-child\" data-id=\"8732347\" data-element_type=\"container\" data-e-type=\"container\">\n\t\t\t\t<div class=\"elementor-element elementor-element-35fe9da elementor-widget elementor-widget-spacer\" data-id=\"35fe9da\" data-element_type=\"widget\" data-e-type=\"widget\" data-widget_type=\"spacer.default\">\n\t\t\t\t<div class=\"elementor-widget-container\">\n\t\t\t\t\t\t\t<div class=\"elementor-spacer\">\n\t\t\t<div class=\"elementor-spacer-inner\"><\/div>\n\t\t<\/div>\n\t\t\t\t\t\t<\/div>\n\t\t\t\t<\/div>\n\t\t\t\t<div class=\"elementor-element elementor-element-383d9b6 elementor-widget elementor-widget-text-editor\" data-id=\"383d9b6\" data-element_type=\"widget\" data-e-type=\"widget\" data-widget_type=\"text-editor.default\">\n\t\t\t\t<div class=\"elementor-widget-container\">\n\t\t\t\t\t\t\t\t\t<h1>General Terms and Conditions<\/h1>\n<h2><a name=\"_Toc163806465\"><\/a>1 Validity and conclusion of contract<\/h2>\n1.1 Diese Allgemeinen Gesch\u00e4ftsbedingungen gelten f\u00fcr alle Bestellungen \u00fcber den Online-Shop (nachstehend \u201ecbs Ticketshop\u201c) abzurufen unter <a href=\"https:\/\/tickets.cbs-consulting.com\/en\/\">https:\/\/tickets.cbs-consulting.com\/<\/a>\u00a0 der cbs Corporate Business Solutions Unternehmensberatung GmbH (nachstehend als \u201ecbs\u201c, \u201euns\u201c oder \u201ewir\u201c bezeichnet) durch Verbraucher und Unternehmer (nachstehend \u201eSie\u201c, \u201eKunde\u201c oder \u201eIhnen\u201c).\n\n1.2 Verbraucher ist jede nat\u00fcrliche Person, die ein Rechtsgesch\u00e4ft zu Zwecken abschlie\u00dft, die \u00fcberwiegend weder ihrer gewerblichen noch ihrer selbst\u00e4ndigen beruflichen T\u00e4tigkeit zugerechnet werden k\u00f6nnen. Unternehmer ist eine nat\u00fcrliche oder juristische Person oder eine rechtsf\u00e4hige Personengesellschaft, die bei Abschluss eines Rechtsgesch\u00e4fts in Aus\u00fcbung ihrer gewerblichen oder selbst\u00e4ndigen beruflichen T\u00e4tigkeit handelt.\n\n1.3 Gegen\u00fcber Unternehmern gilt: Verwendet der Unternehmer entgegenstehende oder erg\u00e4nzende Allgemeine Gesch\u00e4ftsbedingungen, wird deren Geltung hiermit widersprochen; sie werden nur dann Vertragsbestandteil, wenn wir dem ausdr\u00fccklich zugestimmt haben.\n\n1.4 Der Kaufvertrag kommt zustande mit cbs. Mit Einstellung der Produkte in den Online-Shop geben wir ein verbindliches Angebot zum Vertragsschluss \u00fcber diese Artikel ab. Sie k\u00f6nnen unsere Produkte zun\u00e4chst unverbindlich in den Warenkorb legen und Ihre Eingaben vor Absenden Ihrer verbindlichen Bestellung jederzeit korrigieren. Der Vertrag kommt zustande, indem Sie durch Anklicken des Bestellbuttons das Angebot \u00fcber die im Warenkorb enthaltenen Waren annehmen. Unmittelbar nach dem Absenden der Bestellung erhalten Sie noch einmal eine Best\u00e4tigung per E-Mail.\n<h2><a name=\"_Toc163806466\"><\/a>2 Contract language, contract text storage<\/h2>\n2.1\u00a0\u00a0\u00a0\u00a0\u00a0\u00a0\u00a0\u00a0\u00a0 Die f\u00fcr den Vertragsschluss zur Verf\u00fcgung stehende(n) Sprache(n): Deutsch\n\n2.2\u00a0\u00a0\u00a0\u00a0\u00a0\u00a0\u00a0\u00a0\u00a0 Vor der Bestellung k\u00f6nnen die Vertragsdaten \u00fcber die Druckfunktion des Browsers ausgedruckt oder elektronisch gesichert werden. Die Abwicklung der Bestellung und \u00dcbermittlung aller im Zusammenhang mit dem Vertragsschluss erforderlichen Informationen, insbesondere der Bestelldaten, der Allgemeinen Gesch\u00e4ftsbedingungen und der Widerrufsbelehrung, erfolgt per E-Mail nach dem Ausl\u00f6sen der Bestellung durch Sie. Wir speichern den Vertragstext nach Vertragsschluss nicht.\n<h2><a name=\"_Toc163806467\"><\/a>3 Reservation of right of refusal<\/h2>\n3.1\u00a0\u00a0\u00a0\u00a0\u00a0\u00a0\u00a0\u00a0\u00a0 Wir behalten uns das Recht vor, jedes Produkt von der Website zu nehmen und\/oder jegliche Inhalte dieser Website zu entfernen oder zu bearbeiten. Obwohl wir uns stets sehr bemu\u0308hen, alle bei uns eingegangenen Bestellungen zu bearbeiten, ko\u0308nnen besondere Umsta\u0308nde dazu fu\u0308hren, dass wir die Bearbeitung einer Bestellung nach Zusendung der Bestellbesta\u0308tigung ablehnen mu\u0308ssen; wir behalten uns das Recht vor, dies jederzeit nach unserem Ermessen durchzufu\u0308hren.\n\n3.2\u00a0\u00a0\u00a0\u00a0\u00a0\u00a0\u00a0\u00a0\u00a0 Wir sind Ihnen oder Dritten gegen\u00fcber weder wegen der Entfernung von Produkten von dieser Website \u2013 unabha\u0308ngig davon, ob diese vergriffen sind oder nicht \u2013, noch wegen der Entfernung oder Bearbeitung von beliebigen Inhalten dieser Website oder der Ablehnung, eine Bestellung nach deren Eingang bei uns oder nach Zusendung der Bestellbesta\u0308tigung an Sie zu bearbeiten, haftbar.\n<h2><a name=\"_Toc163806468\"><\/a>4 Payment<\/h2>\nIn unserem Orange Fashion Store stehen Ihnen grunds\u00e4tzlich die folgenden Zahlungsarten zur Verf\u00fcgung:\n\n\u00b7\u00a0\u00a0\u00a0\u00a0\u00a0\u00a0 PayPal, PayPal Express\n\nUm den Rechnungsbetrag \u00fcber den Zahlungsdienstleister PayPal (Europe) S.\u00e0 r.l. et Cie, S.C.A, 22-24 Boulevard Royal, L-2449 Luxembourg (\u201ePayPal\u201c) bezahlen zu k\u00f6nnen, m\u00fcssen Sie bei PayPal registriert sein, sich mit Ihren Zugangsdaten legitimieren und die Zahlungsanweisung best\u00e4tigen. Die Zahlungstransaktion wird durch PayPal unmittelbar nach Abgabe der Bestellung durchgef\u00fchrt. Weitere Hinweise erhalten Sie im Bestellvorgang.\n\n\u00b7\u00a0\u00a0\u00a0\u00a0\u00a0\u00a0 PayPal kann registrierten und nach eigenen Kriterien ausgew\u00e4hlten PayPal-Kunden weitere Zahlungsmodalit\u00e4ten im Kundenkonto anbieten. Auf das Anbieten dieser Modalit\u00e4ten haben wir allerdings keinen Einfluss; weitere individuell angebotene Zahlungsmodalit\u00e4ten betreffen Ihr Rechtsverh\u00e4ltnis mit PayPal. Weitere Informationen hierzu finden Sie in Ihrem PayPal-Konto.\n<h2><a name=\"_Toc163806469\"><\/a>5 Terms of delivery<\/h2>\n5.1\u00a0\u00a0\u00a0\u00a0\u00a0\u00a0\u00a0\u00a0\u00a0 Die im Orange Fashion Store angegebenen Preise enthalten die gesetzliche Umsatzsteuer, aber nicht die Versandkosten.\n\n5.2\u00a0\u00a0\u00a0\u00a0\u00a0\u00a0\u00a0\u00a0\u00a0 Wir liefern im Versandweg. Die Versandkosten sind f\u00fcr alle Bestellungen gleich, unabh\u00e4ngig von der Gr\u00f6\u00dfe oder dem Gewicht des Paketes. Unsere Standardversandkosten finden Sie <a href=\"https:\/\/orange-fashion.de\/versandarten\/\">hier<\/a>.\n\n5.3\u00a0\u00a0\u00a0\u00a0\u00a0\u00a0\u00a0\u00a0\u00a0 Alle angebotenen Produkte sind, sofern nicht in der Produktbeschreibung deutlich anders angegeben, sofort versandfertig (Lieferzeit: 5-7 Tage nach dem Eingang der Zahlung). Die Lieferung erfolgt durch einen von uns beauftragten Versanddienstleister. Die Lieferung erfolgt ausschlie\u00dflich innerhalb Deutschlands und den weiteren EU-Staaten.\n\n5.4\u00a0\u00a0\u00a0\u00a0\u00a0\u00a0\u00a0\u00a0\u00a0 Eine Selbstabholung der Ware ist ebenfalls m\u00f6glich. Dies kann im Bestellprozess durch Sie entsprechend ausgew\u00e4hlt werden.\n\n5.5\u00a0\u00a0\u00a0\u00a0\u00a0\u00a0\u00a0\u00a0\u00a0 Die Ware bleibt bis zur vollst\u00e4ndigen Bezahlung unser Eigentum.\n<h2><a name=\"_Toc163806470\"><\/a>6 Transport damage<\/h2>\n6.1\u00a0\u00a0\u00a0\u00a0\u00a0\u00a0\u00a0\u00a0\u00a0 F\u00fcr Verbraucher gilt: Werden Waren mit offensichtlichen Transportsch\u00e4den angeliefert, so reklamieren Sie solche Fehler bitte m\u00f6glichst sofort beim Zusteller und nehmen Sie bitte unverz\u00fcglich Kontakt zu uns auf. Die Vers\u00e4umung einer Reklamation oder Kontaktaufnahme hat f\u00fcr Ihre gesetzlichen Anspr\u00fcche und deren Durchsetzung, insbesondere Ihre Gew\u00e4hrleistungsrechte, keinerlei Konsequenzen. Sie helfen uns aber, unsere eigenen Anspr\u00fcche gegen\u00fcber dem Frachtf\u00fchrer bzw. der Transportversicherung geltend machen zu k\u00f6nnen.\n\n6.2\u00a0\u00a0\u00a0\u00a0\u00a0\u00a0\u00a0\u00a0\u00a0 F\u00fcr Unternehmer gilt: Die Gefahr des zuf\u00e4lligen Untergangs und der zuf\u00e4lligen Verschlechterung geht auf Sie \u00fcber, sobald wir die Sache dem Spediteur, dem Frachtf\u00fchrer oder der sonst zur Ausf\u00fchrung der Versendung bestimmten Person oder Anstalt ausgeliefert haben.\n<h2 id=\"Widerrufsbelehrung\">7 Right of cancellation<\/h2>\n7.1\u00a0\u00a0\u00a0\u00a0\u00a0\u00a0\u00a0\u00a0\u00a0 Sie haben jederzeit das Recht, Ihre Bestellung innerhalb von 14 Tagen ohne Angabe von Gr\u00fcnden zu widerrufen. Die Widerrufsfrist beginnt an dem Tag, an dem Sie oder ein von Ihnen benannter Dritter, der nicht der Bef\u00f6rderer ist, den letzten Artikel Ihrer Bestellung in Besitz genommen haben bzw. hat.\n\n7.2\u00a0\u00a0\u00a0\u00a0\u00a0\u00a0\u00a0\u00a0\u00a0 Um Ihr Widerrufsrecht auszu\u00fcben, m\u00fcssen Sie uns (siehe Kontaktdaten) mittels einer eindeutigen Erkl\u00e4rung (zum Beispiel ein mit der Post versandter Brief oder per E-Mail) dar\u00fcber informieren, dass Sie Ihre Bestellung widerrufen m\u00f6chten. Kontaktdaten: cbs Corporate Business Solutions Unternehmensberatung GmbH, Rudolf-Diesel-Stra\u00dfe 9, 69115 Heidelberg \u2013 Deutschland, Telefonnummer: +49 6221 3304-0, E-Mail-Adresse: cbs.marketing@cbs-consulting.de\n\n7.3\u00a0\u00a0\u00a0\u00a0\u00a0\u00a0\u00a0\u00a0\u00a0 Sie k\u00f6nnen daf\u00fcr das beigef\u00fcgte Muster-Widerrufsformular verwenden, das jedoch nicht vorgeschrieben ist.\n\n7.4\u00a0\u00a0\u00a0\u00a0\u00a0\u00a0\u00a0\u00a0\u00a0 Zur Wahrung der Widerrufsfrist reicht es aus, dass Sie die Mitteilung \u00fcber die Aus\u00fcbung des Widerrufsrechts vor Ablauf der Widerrufsfrist absenden\n<h2><a name=\"_Toc163806472\"><\/a>8 Consequences of cancellation<\/h2>\n8.1\u00a0\u00a0\u00a0\u00a0\u00a0\u00a0\u00a0\u00a0\u00a0 Wenn Sie diesen Vertrag widerrufen, haben wir Ihnen alle Zahlungen, die wir von Ihnen erhalten haben, einschlie\u00dflich der Lieferkosten (mit Ausnahme der zus\u00e4tzlichen Kosten, die sich daraus ergeben, dass Sie eine andere Art der Lieferung als die von uns angebotene, g\u00fcnstigste Standardlieferung gew\u00e4hlt haben), unverz\u00fcglich und sp\u00e4testens binnen vierzehn Tagen ab dem Tag zur\u00fcckzuzahlen, an dem die Mitteilung \u00fcber Ihren Widerruf dieses Vertrags bei uns eingegangen ist. F\u00fcr diese R\u00fcckzahlung verwenden wir dasselbe Zahlungsmittel, das Sie bei der urspr\u00fcnglichen Transaktion eingesetzt haben, es sei denn, mit Ihnen wurde ausdr\u00fccklich etwas anderes vereinbart; in keinem Fall werden Ihnen wegen dieser R\u00fcckzahlung Entgelte berechnet. Wir k\u00f6nnen die R\u00fcckzahlung verweigern, bis wir die Waren wieder zur\u00fcckerhalten haben oder bis Sie den Nachweis erbracht haben, dass Sie die Waren zur\u00fcckgesandt haben, je nachdem, welches der fr\u00fchere Zeitpunkt ist.\n\n8.2\u00a0\u00a0\u00a0\u00a0\u00a0\u00a0\u00a0\u00a0\u00a0 Sie haben die Waren unverz\u00fcglich und in jedem Fall sp\u00e4testens binnen vierzehn Tagen ab dem Tag, an dem Sie uns \u00fcber den Widerruf dieses Vertrags unterrichten, an\u00a0cbs Corporate Business Solutions Unternehmensberatung GmbH, Rudolf-Diesel-Stra\u00dfe 9, 69115 Heidelberg \u2013 Deutschland zur\u00fcckzusenden oder zu \u00fcbergeben. Die Frist ist gewahrt, wenn Sie die Waren vor Ablauf der Frist von vierzehn Tagen absenden. Sie tragen die unmittelbaren Kosten der R\u00fccksendung der Waren. Sie m\u00fcssen f\u00fcr einen etwaigen Wertverlust der Waren nur aufkommen, wenn dieser Wertverlust auf einen zur Pr\u00fcfung der Beschaffenheit, Eigenschaften und Funktionsweise der Waren nicht notwendigen Umgang mit ihnen zur\u00fcckzuf\u00fchren ist.\n<h2><a name=\"_Toc163806473\"><\/a>9 Sample cancellation form<\/h2>\n<em>Wenn Sie den Vertrag widerrufen wollen, dann f\u00fcllen Sie bitte dieses Formular aus und senden Sie es zur\u00fcc<\/em><em>k an<\/em> <em>cbs Corporate Business Solutions Unternehmensberatung GmbH, Rudolf-Diesel-Stra\u00dfe 9, 69115 Heidelberg \u2013 Deutschland.<\/em>\n\n<em>\u2013 Hiermit widerrufe(n) ich\/wir (*) den von mir\/uns (*) abgeschlossenen Vertrag \u00fcber den<\/em> <em>Kauf der folgenden<\/em> <em>Waren (*)<\/em>\n\n<em>- Ordered on (*)\/received on (*)<\/em>\n\n<em>- Name of the consumer(s)<\/em>\n\n<em>- Address of the consumer(s)<\/em>\n\n<em>- Signature of the consumer(s) (only for notification on paper)<\/em>\n\n<em>- date<\/em>\n\n<em>(*) Delete as appropriate.<\/em>\n<h2><a name=\"_Toc163806474\"><\/a>10 Warranty<\/h2>\n10.1\u00a0\u00a0\u00a0\u00a0\u00a0 Es gilt das gesetzliche M\u00e4ngelhaftungsrecht. Gegen\u00fcber Unternehmern betr\u00e4gt die Gew\u00e4hrleistungsfrist 12 Monate.\n\n10.2\u00a0\u00a0\u00a0\u00a0\u00a0 Eine Garantie bedarf der ausdr\u00fccklichen Bezeichnung als solche. Die wesentlichen Merkmale der Waren finden sich in der jeweiligen Artikelbeschreibung.\n\n10.3\u00a0\u00a0\u00a0\u00a0\u00a0 Kundendienst: Unser Support Team erreichen Sie unter <a href=\"mailto:cbs.marketing@cbs-consulting.de\">cbs.marketing@cbs-consulting.de<\/a>\n<h2><a name=\"_Toc163806475\"><\/a>11 Liability<\/h2>\n11.1\u00a0\u00a0\u00a0\u00a0\u00a0 F\u00fcr Anspr\u00fcche aufgrund von Sch\u00e4den, die durch uns, unsere gesetzlichen Vertreter oder Erf\u00fcllungsgehilfen verursacht wurden, haften wir stets unbeschr\u00e4nkt\n\n\u00b7\u00a0\u00a0\u00a0\u00a0\u00a0\u00a0 bei Verletzung des Lebens, des K\u00f6rpers oder der Gesundheit,\n\n\u00b7\u00a0\u00a0\u00a0\u00a0\u00a0\u00a0 bei vors\u00e4tzlicher oder grob fahrl\u00e4ssiger Pflichtverletzung,\n\n\u00b7\u00a0\u00a0\u00a0\u00a0\u00a0\u00a0 bei Garantieversprechen, soweit vereinbart, oder\n\n\u00b7\u00a0\u00a0\u00a0\u00a0\u00a0\u00a0 soweit der Anwendungsbereich des Produkthaftungsgesetzes er\u00f6ffnet ist.\n\n11.2\u00a0\u00a0\u00a0\u00a0\u00a0 Bei Verletzung wesentlicher Vertragspflichten, deren Erf\u00fcllung die ordnungsgem\u00e4\u00dfe Durchf\u00fchrung des Vertrages \u00fcberhaupt erst erm\u00f6glicht und auf deren Einhaltung der Vertragspartner regelm\u00e4\u00dfig vertrauen darf, (Kardinalpflichten) durch leichte Fahrl\u00e4ssigkeit von uns, unseren gesetzlichen Vertretern oder Erf\u00fcllungsgehilfen ist die Haftung der H\u00f6he nach auf den bei Vertragsschluss vorhersehbaren Schaden begrenzt, mit dessen Entstehung typischerweise gerechnet werden muss.\n\n11.3\u00a0\u00a0\u00a0\u00a0\u00a0 Wir haften nicht f\u00fcr Sch\u00e4den, die durch unsachgem\u00e4\u00dfe Handhabung oder Nutzung der gelieferten Produkte entstehen. Im \u00dcbrigen sind Anspr\u00fcche auf Schadensersatz ausgeschlossen.\n<h2><a name=\"_Toc163806476\"><\/a>12 Data Pirvacy<\/h2>\nUnder the following link you will find our privacy policy: <a href=\"https:\/\/orange-fashion.de\/datenschutzerklaerung\/\">https:\/\/orange-fashion.de\/datenschutzerklaerung\/<\/a>\n<h2><a name=\"_Toc163806477\"><\/a>13 colours and dimensions<\/h2>\n13.1\u00a0\u00a0\u00a0\u00a0\u00a0 Wir unternehmen alle zumutbaren Anstrengungen, die Eigenschaften unserer Produkte genau darzustellen, einschlie\u00dflich ihrer Zusammensetzung und Farben. Die Farbanzeige h\u00e4ngt jedoch von Ihrem Computersystem ab und wir k\u00f6nnen nicht garantieren, dass Ihr Computer die Farben genau wiedergibt.\n\n13.2\u00a0\u00a0\u00a0\u00a0\u00a0 Die Ma\u00dfangaben eines Produktes im Orange Fashion Store sind nur ungef\u00e4hre Angaben, um Ihnen eine genauere Vorstellung der Passform eines Kleidungsst\u00fcckes zu geben. Die tats\u00e4chlichen Ma\u00dfe eines Produktes variieren je nach dem zur Herstellung verwendeten Material.\n<h2><a name=\"_Toc163806478\"><\/a>14 Copyright and intellectual property<\/h2>\n14.1\u00a0\u00a0\u00a0\u00a0\u00a0 Die Inhalte dieser Webseite sind urheberrechtlich gesch\u00fctzt. Alle Rechte sind der cbs Corporate Business Solutions Unternehmensberatung GmbH vorbehalten.\n\n14.2\u00a0\u00a0\u00a0\u00a0\u00a0 Die Vervielf\u00e4ltigung, Bearbeitung, Verbreitung und jede Art der Verwertung au\u00dferhalb der Grenzen des Urheberrechts bed\u00fcrfen der schriftlichen Zustimmung der cbs. Downloads und Kopien sind nur f\u00fcr den privaten, nicht kommerziellen Gebrauch gestattet. Soweit die Inhalte auf dieser Seite nicht vom Betreiber erstellt wurden, werden sie als Inhalte Dritter gekennzeichnet. Bei Bekanntwerden einer Urheberrechtsverletzung werden wir die betreffenden Inhalte umgehend entfernen.\n\n14.3\u00a0\u00a0\u00a0\u00a0\u00a0 Alle Marken, Handelsnamen und Logos, die auf dieser Website erscheinen, sind Eigentum ihrer jeweiligen Inhaber und d\u00fcrfen ohne deren ausdr\u00fcckliche schriftliche Zustimmung nicht verwendet werden.\n\n14.4\u00a0\u00a0\u00a0\u00a0\u00a0 Bei Verst\u00f6\u00dfen gegen diese Bestimmungen beh\u00e4lt sich cbs das Recht vor, rechtliche Schritte einzuleiten und Schadensersatzanspr\u00fcche geltend zu machen.\n<h2><a name=\"_Toc163806479\"><\/a>15 Final provisions<\/h2>\n15.1\u00a0\u00a0\u00a0\u00a0\u00a0 Die Europ\u00e4ische Kommission stellt eine Plattform zur Online-Streitbeilegung (OS) bereit, die Sie\u00a0<a href=\"https:\/\/ec.europa.eu\/consumers\/odr\/\">hier<\/a>\u00a0finden. Zur Teilnahme an einem Streitbeilegungsverfahren vor einer Verbraucherschlichtungsstelle sind wir nicht verpflichtet und nicht bereit.\n\n15.2      Es gilt deutsches Recht.  Sind Sie Unternehmer, dann gilt deutsches Recht unter Ausschluss des UN-Kaufrechts. Gerichtsstand ist Heidelberg.\n\n15.3      Sollten einzelne Bestimmungen dieser Allgemeinen Gesch\u00e4ftsbedingungen unwirksam sein oder werden, bleibt die Wirksamkeit der \u00fcbrigen Bestimmungen unber\u00fchrt. Anstelle der unwirksamen Bestimmung tritt eine Regelung, die dem wirtschaftlichen Zweck der unwirksamen Bestimmung am n\u00e4chsten kommt.\n\nWir behalten uns das Recht vor, diese Allgemeinen Gesch\u00e4ftsbedingungen jederzeit zu \u00e4ndern oder zu aktualisieren. \u00c4nderungen der Allgemeinen Gesch\u00e4ftsbedingungen werden wirksam, sobald sie auf unserer Website ver\u00f6ffentlicht werden.\t\t\t\t\t\t\t\t<\/div>\n\t\t\t\t<\/div>\n\t\t\t\t<div class=\"elementor-element elementor-element-4316d2c elementor-widget elementor-widget-spacer\" data-id=\"4316d2c\" data-element_type=\"widget\" data-e-type=\"widget\" data-widget_type=\"spacer.default\">\n\t\t\t\t<div class=\"elementor-widget-container\">\n\t\t\t\t\t\t\t<div class=\"elementor-spacer\">\n\t\t\t<div class=\"elementor-spacer-inner\"><\/div>\n\t\t<\/div>\n\t\t\t\t\t\t<\/div>\n\t\t\t\t<\/div>\n\t\t\t\t<\/div>\n\t\t\t\t\t<\/div>\n\t\t\t\t<\/div>\n\t\t\t\t<\/div>","protected":false},"excerpt":{"rendered":"<p>AGB Allgemeine Gesch\u00e4ftsbedingungen 1 Geltung und Vertragsschluss 1.1 Diese Allgemeinen Gesch\u00e4ftsbedingungen gelten f\u00fcr alle Bestellungen \u00fcber den Online-Shop (nachstehend \u201ecbs Ticketshop\u201c) abzurufen unter https:\/\/tickets.cbs-consulting.com\/\u00a0 der cbs Corporate Business Solutions Unternehmensberatung GmbH (nachstehend als \u201ecbs\u201c, \u201euns\u201c oder \u201ewir\u201c bezeichnet) durch Verbraucher und Unternehmer (nachstehend \u201eSie\u201c, \u201eKunde\u201c oder \u201eIhnen\u201c). 1.2 Verbraucher ist jede nat\u00fcrliche Person, die ein [&hellip;]<\/p>\n","protected":false},"author":1,"featured_media":0,"parent":0,"menu_order":0,"comment_status":"closed","ping_status":"closed","template":"elementor_header_footer","meta":{"_acf_changed":false,"footnotes":""},"class_list":["post-584","page","type-page","status-publish","hentry"],"acf":[],"_links":{"self":[{"href":"https:\/\/tickets.cbs-consulting.com\/en\/wp-json\/wp\/v2\/pages\/584","targetHints":{"allow":["GET"]}}],"collection":[{"href":"https:\/\/tickets.cbs-consulting.com\/en\/wp-json\/wp\/v2\/pages"}],"about":[{"href":"https:\/\/tickets.cbs-consulting.com\/en\/wp-json\/wp\/v2\/types\/page"}],"author":[{"embeddable":true,"href":"https:\/\/tickets.cbs-consulting.com\/en\/wp-json\/wp\/v2\/users\/1"}],"replies":[{"embeddable":true,"href":"https:\/\/tickets.cbs-consulting.com\/en\/wp-json\/wp\/v2\/comments?post=584"}],"version-history":[{"count":11,"href":"https:\/\/tickets.cbs-consulting.com\/en\/wp-json\/wp\/v2\/pages\/584\/revisions"}],"predecessor-version":[{"id":710,"href":"https:\/\/tickets.cbs-consulting.com\/en\/wp-json\/wp\/v2\/pages\/584\/revisions\/710"}],"wp:attachment":[{"href":"https:\/\/tickets.cbs-consulting.com\/en\/wp-json\/wp\/v2\/media?parent=584"}],"curies":[{"name":"wp","href":"https:\/\/api.w.org\/{rel}","templated":true}]}}